{"id":529,"date":"2022-10-03T09:01:36","date_gmt":"2022-10-03T09:01:36","guid":{"rendered":"https:\/\/saint-james-french-bike-route.com\/?page_id=529"},"modified":"2025-07-21T07:16:08","modified_gmt":"2025-07-21T07:16:08","slug":"day-7-to-cahors","status":"publish","type":"page","link":"https:\/\/saint-james-french-bike-route.com\/?page_id=529","title":{"rendered":"Day 7: To Marcilhac or Cabrerets"},"content":{"rendered":"\n<div class=\"wp-block-file\"><a id=\"wp-block-file--media-6f8455f8-d707-410d-b20f-e8f93d539073\" href=\"https:\/\/saint-james-french-bike-route.com\/wp-content\/uploads\/2022\/11\/From-Figeac-to-Marcilhac-or-Cabrerets.gpx\">From Figeac to Marcilhac or Cabrerets.gpx<\/a><a href=\"https:\/\/saint-james-french-bike-route.com\/wp-content\/uploads\/2022\/11\/From-Figeac-to-Marcilhac-or-Cabrerets.gpx\" class=\"wp-block-file__button wp-element-button\" download aria-describedby=\"wp-block-file--media-6f8455f8-d707-410d-b20f-e8f93d539073\">Download<\/a><\/div>\n\n\n\n<p><\/p>\n\n\n\n<h4 class=\"wp-block-heading\">This will be your first non-mountainous day. (You won&#8217;t be in mountains again until your final day of this itinerary, in the Pyrenees, when you ride up to Roncesvalles.)  However, plenty of high hills exist on subsequent days to keep you in shape!  Given that today&#8217;s ride is almost always flat, you could continue to Cahors in 85 kilometers (50) miles).  Given the two *** sights mentioned below on the route to Cahors, I have allocated two days in this itinerary. If you are a strong rider and not interested in the sights, you could combine these two days into one.<\/h4>\n\n\n\n<p><\/p>\n\n\n\n<figure class=\"wp-block-image aligncenter size-large is-resized\"><img decoding=\"async\" width=\"1024\" height=\"672\" src=\"https:\/\/saint-james-french-bike-route.com\/wp-content\/uploads\/2022\/10\/Day-7-Marciallac-3-1-1024x672.jpg\" alt=\"\" class=\"wp-image-539\" style=\"width:502px;height:329px\" srcset=\"https:\/\/saint-james-french-bike-route.com\/wp-content\/uploads\/2022\/10\/Day-7-Marciallac-3-1-1024x672.jpg 1024w, https:\/\/saint-james-french-bike-route.com\/wp-content\/uploads\/2022\/10\/Day-7-Marciallac-3-1-300x197.jpg 300w, https:\/\/saint-james-french-bike-route.com\/wp-content\/uploads\/2022\/10\/Day-7-Marciallac-3-1-768x504.jpg 768w, https:\/\/saint-james-french-bike-route.com\/wp-content\/uploads\/2022\/10\/Day-7-Marciallac-3-1.jpg 1224w\" sizes=\"(max-width: 1024px) 100vw, 1024px\" \/><figcaption class=\"wp-element-caption\">Park along the C\u00e9l\u00e9 inn Marcilhac<\/figcaption><\/figure>\n\n\n\n<p><\/p>\n\n\n\n<h4 class=\"wp-block-heading\">This itinerary follows the historical route along the C\u00e9l\u00e9 River, with pastures and farmlands within a wide, limestone-walled valley.\u00a0Your rate of descent will be less than one meter per kilometer! <em>Many ancient pilgrims<\/em> <em>followed a different route, as does the GR65, through Carjac, and then over the hills to Cahors.\u00a0 That route was slightly  higher, shadier, and possibly safer, which was and is important if you were\/are walking in mid-summer, but it is dull and hilly.<\/em> <em>The distance of both routes is comparable. <\/em>Or you could follow the Lot river all the way.  The C\u00e9l\u00e9 river, however, is much smaller and more friendly. Moreover, with only a short detour and <strong>a reservation<\/strong>, on the C\u00e9l\u00e9 route you can visit the cave of Pech Merle*** with 20,000-year-old paintings &#8211; its one of the very few prehistoric caves open to the public; and on the second day, with another detour you can visit the wonderful perched village of Saint-Cirq-Lapopie***.<\/h4>\n\n\n\n<p><\/p>\n\n\n\n<h4 class=\"wp-block-heading\">Cabrerets is a haf-way point, close by the Pech Merle cave (hours and directions can be found<a href=\"https:\/\/en.pechmerle.com\/practical-informations\/cost-opening-times\/\"> here<\/a>, but if a good second choice would be in charming Marcilhac, 8 kilometers before.  I do not provide a map for today as, after exiting Figeac, you simply follow along the north side of the C\u00e9l\u00e9.<\/h4>\n\n\n\n<p><\/p>\n\n\n\n<figure class=\"wp-block-image aligncenter size-full\"><img decoding=\"async\" width=\"320\" height=\"200\" src=\"https:\/\/saint-james-french-bike-route.com\/wp-content\/uploads\/2022\/09\/image-35.jpeg\" alt=\"\" class=\"wp-image-381\" srcset=\"https:\/\/saint-james-french-bike-route.com\/wp-content\/uploads\/2022\/09\/image-35.jpeg 320w, https:\/\/saint-james-french-bike-route.com\/wp-content\/uploads\/2022\/09\/image-35-300x188.jpeg 300w\" sizes=\"(max-width: 320px) 100vw, 320px\" \/><figcaption class=\"wp-element-caption\">The very popular small gite of Espagnac is in this building.<\/figcaption><\/figure>\n\n\n\n<p>Avoid the traffic and commerce along D822 as it leaves town.  Rather cross to the south bank of the C\u00e9l\u00e9 from Figeac by the westernmost bridge, the Pont du Gua and follow low-traffic D662 west for about 3.7 km.  At the crossing of D802 you keep straight onto D19 (while D662 turns left).  In 1 km pass by a bridge by over the C\u00e9le. In approximately another 1.8 more kilometers on D19, at a curve in the road, you must turn right.  (Maps say this is D18 but there is no sign.)  In about 700 meters you cross the C\u00e9l\u00e9 and reach D41.  Turn left.  Now simply follow D41 for about 26 km to Marsilhac-sur-C\u00e9l\u00e9 (gites ) or 41km to Cabrerets (gites, camping, hotel).  Recommended short visits along the way to Cabrerets are: Espagnac-St-Eulalie\u2014church, and priory ruins; and Marcilhac\u2014 a pleasing park along the water and ruins of ancient abbey.&nbsp;<\/p>\n\n\n\n<figure class=\"wp-block-image aligncenter size-full\"><img decoding=\"async\" width=\"320\" height=\"519\" src=\"https:\/\/saint-james-french-bike-route.com\/wp-content\/uploads\/2022\/09\/image-36.jpeg\" alt=\"\" class=\"wp-image-382\" srcset=\"https:\/\/saint-james-french-bike-route.com\/wp-content\/uploads\/2022\/09\/image-36.jpeg 320w, https:\/\/saint-james-french-bike-route.com\/wp-content\/uploads\/2022\/09\/image-36-185x300.jpeg 185w\" sizes=\"(max-width: 320px) 100vw, 320px\" \/><figcaption class=\"wp-element-caption\">The Marcilhac Abbey<\/figcaption><\/figure>\n\n\n\n<p>The Grotte Pech Merle (cave) is north of Cabrerets by about a 2.5 km steep climb. Be sure to make a reservation online well ahead. It is quite possible that you will be forced to take the tour in French with a booklet in English. The English tours sell out much more rapidly. No problem, what you see in the cave is the most important. In addition to the cave there is a museum of prehistory.<\/p>\n\n\n\n<p><a href=\"https:\/\/saint-james-french-bike-route.com\/?page_id=551\">Link to Day 8:  To Cahors<\/a><\/p>\n","protected":false},"excerpt":{"rendered":"<p>This will be your first non-mountainous day. (You won&#8217;t be in mountains again until your final day of this itinerary, in the Pyrenees, when you ride up to Roncesvalles.) However, plenty of high hills exist on subsequent days to keep you in shape! Given that today&#8217;s ride is almost always flat, you could continue to [&hellip;]<\/p>\n","protected":false},"author":1,"featured_media":0,"parent":0,"menu_order":0,"comment_status":"closed","ping_status":"closed","template":"","meta":{"site-sidebar-layout":"default","site-content-layout":"","ast-site-content-layout":"default","site-content-style":"default","site-sidebar-style":"default","ast-global-header-display":"","ast-banner-title-visibility":"","ast-main-header-display":"","ast-hfb-above-header-display":"","ast-hfb-below-header-display":"","ast-hfb-mobile-header-display":"","site-post-title":"","ast-breadcrumbs-content":"","ast-featured-img":"","footer-sml-layout":"","ast-disable-related-posts":"","theme-transparent-header-meta":"","adv-header-id-meta":"","stick-header-meta":"","header-above-stick-meta":"","header-main-stick-meta":"","header-below-stick-meta":"","astra-migrate-meta-layouts":"set","ast-page-background-enabled":"default","ast-page-background-meta":{"desktop":{"background-color":"var(--ast-global-color-4)","background-image":"","background-repeat":"repeat","background-position":"center center","background-size":"auto","background-attachment":"scroll","background-type":"","background-media":"","overlay-type":"","overlay-color":"","overlay-opacity":"","overlay-gradient":""},"tablet":{"background-color":"","background-image":"","background-repeat":"repeat","background-position":"center center","background-size":"auto","background-attachment":"scroll","background-type":"","background-media":"","overlay-type":"","overlay-color":"","overlay-opacity":"","overlay-gradient":""},"mobile":{"background-color":"","background-image":"","background-repeat":"repeat","background-position":"center center","background-size":"auto","background-attachment":"scroll","background-type":"","background-media":"","overlay-type":"","overlay-color":"","overlay-opacity":"","overlay-gradient":""}},"ast-content-background-meta":{"desktop":{"background-color":"var(--ast-global-color-5)","background-image":"","background-repeat":"repeat","background-position":"center center","background-size":"auto","background-attachment":"scroll","background-type":"","background-media":"","overlay-type":"","overlay-color":"","overlay-opacity":"","overlay-gradient":""},"tablet":{"background-color":"var(--ast-global-color-5)","background-image":"","background-repeat":"repeat","background-position":"center center","background-size":"auto","background-attachment":"scroll","background-type":"","background-media":"","overlay-type":"","overlay-color":"","overlay-opacity":"","overlay-gradient":""},"mobile":{"background-color":"var(--ast-global-color-5)","background-image":"","background-repeat":"repeat","background-position":"center center","background-size":"auto","background-attachment":"scroll","background-type":"","background-media":"","overlay-type":"","overlay-color":"","overlay-opacity":"","overlay-gradient":""}},"footnotes":""},"class_list":["post-529","page","type-page","status-publish","hentry"],"_links":{"self":[{"href":"https:\/\/saint-james-french-bike-route.com\/index.php?rest_route=\/wp\/v2\/pages\/529","targetHints":{"allow":["GET"]}}],"collection":[{"href":"https:\/\/saint-james-french-bike-route.com\/index.php?rest_route=\/wp\/v2\/pages"}],"about":[{"href":"https:\/\/saint-james-french-bike-route.com\/index.php?rest_route=\/wp\/v2\/types\/page"}],"author":[{"embeddable":true,"href":"https:\/\/saint-james-french-bike-route.com\/index.php?rest_route=\/wp\/v2\/users\/1"}],"replies":[{"embeddable":true,"href":"https:\/\/saint-james-french-bike-route.com\/index.php?rest_route=%2Fwp%2Fv2%2Fcomments&post=529"}],"version-history":[{"count":18,"href":"https:\/\/saint-james-french-bike-route.com\/index.php?rest_route=\/wp\/v2\/pages\/529\/revisions"}],"predecessor-version":[{"id":956,"href":"https:\/\/saint-james-french-bike-route.com\/index.php?rest_route=\/wp\/v2\/pages\/529\/revisions\/956"}],"wp:attachment":[{"href":"https:\/\/saint-james-french-bike-route.com\/index.php?rest_route=%2Fwp%2Fv2%2Fmedia&parent=529"}],"curies":[{"name":"wp","href":"https:\/\/api.w.org\/{rel}","templated":true}]}}